{"id":1091,"date":"2023-03-22T15:35:42","date_gmt":"2023-03-22T14:35:42","guid":{"rendered":"https:\/\/modernmusiczone-badnauheim.de\/index.php\/?page_id=1091"},"modified":"2023-03-22T15:43:55","modified_gmt":"2023-03-22T14:43:55","slug":"info-claudia-zinserling","status":"publish","type":"page","link":"https:\/\/modernmusiczone-badnauheim.de\/index.php\/info-claudia-zinserling\/","title":{"rendered":"Info Claudia Zinserling"},"content":{"rendered":"\n<style type=\"text\/css\" data-created_by=\"avia_inline_auto\" id=\"style-css-av-jkjmqted-a81d9c57a49dc9694c857053909e9993\">\n.avia-section.av-jkjmqted-a81d9c57a49dc9694c857053909e9993{\nbackground-color:#c5d3ed;\nbackground:linear-gradient( to bottom right, #c5d3ed, #56246a );\n}\n.avia-section.av-jkjmqted-a81d9c57a49dc9694c857053909e9993 .av-extra-border-element .av-extra-border-inner{\nbackground-color:#ffffff;\n}\n<\/style>\n<div id='av_section_1'  class='avia-section av-jkjmqted-a81d9c57a49dc9694c857053909e9993 header_color avia-section-no-padding avia-no-shadow  avia-builder-el-0  el_before_av_textblock  avia-builder-el-first  avia-bg-style-scroll av-minimum-height av-minimum-height-custom av-height-custom  container_wrap sidebar_right'   data-av_minimum_height_px='200'><div class='container av-section-cont-open' style='height:200px'><main  role=\"main\" itemprop=\"mainContentOfPage\"  class='template-page content  av-content-small alpha units'><div class='post-entry post-entry-type-page post-entry-1091'><div class='entry-content-wrapper clearfix'>\n<div class='flex_column_table av-1xn9f-141c8585dcc99c202d2b7434c291b320 sc-av_one_full av-equal-height-column-flextable'>\n<style type=\"text\/css\" data-created_by=\"avia_inline_auto\" id=\"style-css-av-1xn9f-141c8585dcc99c202d2b7434c291b320\">\n.flex_column.av-1xn9f-141c8585dcc99c202d2b7434c291b320{\nborder-radius:0px 0px 0px 0px;\npadding:0px 0px 0px 0px;\n}\n<\/style>\n<div  class='flex_column av-1xn9f-141c8585dcc99c202d2b7434c291b320 av_one_full  avia-builder-el-1  avia-builder-el-no-sibling  first flex_column_table_cell av-equal-height-column av-align-middle av-animated-generic pop-up av-zero-column-padding  '     ><p>\n<style type=\"text\/css\" data-created_by=\"avia_inline_auto\" id=\"style-css-av-7s0q8-0f6d42f1712b2db3748cc1cdd3dfd06c\">\n#top .av-special-heading.av-7s0q8-0f6d42f1712b2db3748cc1cdd3dfd06c{\nmargin:0 0 0 0;\npadding-bottom:0;\n}\nbody .av-special-heading.av-7s0q8-0f6d42f1712b2db3748cc1cdd3dfd06c .av-special-heading-tag .heading-char{\nfont-size:25px;\n}\n.av-special-heading.av-7s0q8-0f6d42f1712b2db3748cc1cdd3dfd06c .av-subheading{\nfont-size:23px;\n}\n<\/style>\n<div  class='av-special-heading av-7s0q8-0f6d42f1712b2db3748cc1cdd3dfd06c av-special-heading-h1 blockquote modern-quote modern-centered  avia-builder-el-2  el_before_av_hr  avia-builder-el-first  av-linked-heading'><h1 class='av-special-heading-tag'  itemprop=\"headline\"  >Claudia Zinserling<\/h1><div class='av-subheading av-subheading_below'><p>Leitung der Musikschule<br \/>\nPianistin, Lehrerin f\u00fcr Klavier, Keyboard, Handpan u.a.<\/p>\n<\/div><div class=\"special-heading-border\"><div class=\"special-heading-inner-border\"><\/div><\/div><\/div><br \/>\n\n<style type=\"text\/css\" data-created_by=\"avia_inline_auto\" id=\"style-css-av-lf9opu8r-4dd7a9946edb270add22c9187d812208\">\n#top .hr.hr-invisible.av-lf9opu8r-4dd7a9946edb270add22c9187d812208{\nheight:20px;\n}\n<\/style>\n<div  class='hr av-lf9opu8r-4dd7a9946edb270add22c9187d812208 hr-invisible  avia-builder-el-3  el_after_av_heading  el_before_av_image '><span class='hr-inner '><span class=\"hr-inner-style\"><\/span><\/span><\/div><br \/>\n\n<style type=\"text\/css\" data-created_by=\"avia_inline_auto\" id=\"style-css-av-lf9oo0om-1d652e30908392cca1af1aa67cdd0b62\">\n.avia-image-container.av-lf9oo0om-1d652e30908392cca1af1aa67cdd0b62 img.avia_image{\nbox-shadow:none;\n}\n.avia-image-container.av-lf9oo0om-1d652e30908392cca1af1aa67cdd0b62 .av-image-caption-overlay-center{\ncolor:#ffffff;\n}\n<\/style>\n<div  class='avia-image-container av-lf9oo0om-1d652e30908392cca1af1aa67cdd0b62 av-styling-circle av-img-linked avia-align-center  avia-builder-el-4  el_after_av_hr  avia-builder-el-last '   itemprop=\"image\" itemscope=\"itemscope\" itemtype=\"https:\/\/schema.org\/ImageObject\" ><div class=\"avia-image-container-inner\"><div class=\"avia-image-overlay-wrap\"><a href=\"https:\/\/modernmusiczone-badnauheim.de\/wp-content\/uploads\/2019\/10\/claudia-zinserling_klavier01_400px.jpg\" data-srcset=\"https:\/\/modernmusiczone-badnauheim.de\/wp-content\/uploads\/2019\/10\/claudia-zinserling_klavier01_400px.jpg 400w, https:\/\/modernmusiczone-badnauheim.de\/wp-content\/uploads\/2019\/10\/claudia-zinserling_klavier01_400px-80x80.jpg 80w, https:\/\/modernmusiczone-badnauheim.de\/wp-content\/uploads\/2019\/10\/claudia-zinserling_klavier01_400px-300x300.jpg 300w, https:\/\/modernmusiczone-badnauheim.de\/wp-content\/uploads\/2019\/10\/claudia-zinserling_klavier01_400px-36x36.jpg 36w, https:\/\/modernmusiczone-badnauheim.de\/wp-content\/uploads\/2019\/10\/claudia-zinserling_klavier01_400px-180x180.jpg 180w\" data-sizes=\"(max-width: 400px) 100vw, 400px\" class='avia_image '  aria-label='Claudia Zinserling, musicican, Bad Nauheim, Wisselsheim studio'><img decoding=\"async\" fetchpriority=\"high\" class='wp-image-851 avia-img-lazy-loading-not-851 avia_image ' src=\"https:\/\/modernmusiczone-badnauheim.de\/wp-content\/uploads\/2019\/10\/claudia-zinserling_klavier01_400px-300x300.jpg\" alt='Claudia Zinserling: Pianistin, Keyboarderin, Musiklehrerin' title='Claudia Zinserling, musicican, Bad Nauheim, Wisselsheim studio'  height=\"300\" width=\"300\"  itemprop=\"thumbnailUrl\" srcset=\"https:\/\/modernmusiczone-badnauheim.de\/wp-content\/uploads\/2019\/10\/claudia-zinserling_klavier01_400px-300x300.jpg 300w, https:\/\/modernmusiczone-badnauheim.de\/wp-content\/uploads\/2019\/10\/claudia-zinserling_klavier01_400px-80x80.jpg 80w, https:\/\/modernmusiczone-badnauheim.de\/wp-content\/uploads\/2019\/10\/claudia-zinserling_klavier01_400px-36x36.jpg 36w, https:\/\/modernmusiczone-badnauheim.de\/wp-content\/uploads\/2019\/10\/claudia-zinserling_klavier01_400px-180x180.jpg 180w, https:\/\/modernmusiczone-badnauheim.de\/wp-content\/uploads\/2019\/10\/claudia-zinserling_klavier01_400px.jpg 400w\" sizes=\"(max-width: 300px) 100vw, 300px\" \/><\/a><\/div><\/div><\/div><\/p><\/div><\/div><!--close column table wrapper. Autoclose: 1 -->\n<\/div><\/div><\/main><!-- close content main element --><\/div><div class='av-extra-border-element border-extra-diagonal  '><div class='av-extra-border-outer'><div class='av-extra-border-inner'><\/div><\/div><\/div><\/div><div id='after_section_1'  class='main_color av_default_container_wrap container_wrap sidebar_right'  ><div class='container av-section-cont-open' ><div class='template-page content  av-content-small alpha units'><div class='post-entry post-entry-type-page post-entry-1091'><div class='entry-content-wrapper clearfix'>\n<section  class='av_textblock_section av-k21rl4rb-ade7b1531ed5257b6e3f7aba730ccef8 '   itemscope=\"itemscope\" itemtype=\"https:\/\/schema.org\/CreativeWork\" ><div class='avia_textblock'  itemprop=\"text\" ><p>Nach Abschluss meines Musikstudiums in den F\u00e4chern Jazzpiano und P\u00e4dagogik an der privaten Akademie f\u00fcr Jazz und Popularmusik (Frankfurter Musikwerkstatt) bin ich sowohl als Musiklehrerin und P\u00e4dagogin als auch mit eigenen Auftritten als Musikerin aktiv.<\/p>\n<p>Bei den bis heute ca. 3000 Auftritten im In- und Ausland trete ich mit verschiedenen Formationen auf. Ob im Duo mit Gesang, im Jazztrio\/Quartett, mit Popbands oder mit Bigband, spiele ich auf gro\u00dfen und kleinen B\u00fchnen, auf Festivals, in Jazzclubs, Open-Air-Festivals, in Opernh\u00e4usern, Theatern, Firmenfeiern, Messen, privaten Veranstaltungen konzertant und\/oder unterhaltend.<\/p>\n<p><strong>Einige der Veranstalter, die mich als Solok\u00fcnstlerin oder mit Band\/Duo gebucht haben, sind:<\/strong><\/p>\n<p>Verdi Stuttgart, Daimler Stuttgart, BMW, Kempinsky Hotels, Sheraton Hotels, Lindner Hotels, Schloss Neunburg Passau, Jagdschloss Thurn und Taxis Regensburg, Palmengarten Frankfurt, Alte Oper Frankfurt, Oper Frankfurt, Dresdner Banken Konzertreihe, Messe Frankfurt und N\u00fcrnberg, M\u00fcnchen Muffathalle, Hannover Expo, Flora K\u00f6ln, E-Werk K\u00f6ln, E-Werk Erlangen, Sch\u00fcco N\u00fcrnberg, Hansgrohe, Henkel Wiesbaden, Hessischer Landtag Wiesbaden, Harley Davidson Bad Salzuflen, Johann Lafer Stromburg, Paulskirche Frankfurt, Rhein-in-Flammen R\u00fcdesheim, Tr\u00e4nenpalast Berlin, R\u00f6mer Frankfurt, Buskers Festival Ferrara\/Italy, Jazzfestival Havanna\/Cuba, Int. Jazzfestival at Sea, Jazzgarten Museumsuferfest, Thionville (Frankreich) Fete de Musique uvm.<\/p>\n<p>Auch war\/bin ich als Produzentin \/ Soundengineering an einigen CD-Produktionen beteiligt gewesen haupts\u00e4chlich f\u00fcr den Bereich Jazz.<\/p>\n<p>Neben meiner k\u00fcnstlerischen T\u00e4tigkeit als Pianistin \/ Keyboarderin bin ich ebenfalls als Handpanspielerin t\u00e4tig und gebe regelm\u00e4\u00dfig Workshops.<\/p>\n<p><strong>Weitere Referenzen und mehr Info finden Sie auf meiner Website:<\/strong><\/p>\n<\/div><\/section>\n<div  class='avia-button-wrap av-lfjsn19s-72afe0cd258236a7b0d10f735e8777d7-wrap avia-button-center  avia-builder-el-6  el_after_av_textblock  el_before_av_hr '><a href='https:\/\/claudiazinserling.de' class='avia-button av-lfjsn19s-72afe0cd258236a7b0d10f735e8777d7 av-link-btn avia-icon_select-no avia-size-large avia-position-center avia-color-theme-color' target=\"_blank\" rel=\"noopener noreferrer\"><span class='avia_iconbox_title' >www.claudiazinserling.de<\/span><\/a><\/div>\n<div  class='hr av-34lqhf-0a49426dd5d09a2a9dbe86db3ecb3ced hr-default  avia-builder-el-7  el_after_av_button  el_before_av_one_half '><span class='hr-inner '><span class=\"hr-inner-style\"><\/span><\/span><\/div>\n<div  class='flex_column av-3yvevn-25cf675e45d5144e44016f685f12a290 av_one_half  avia-builder-el-8  el_after_av_hr  el_before_av_one_half  first flex_column_div  '     ><div  class='avia-video av-lfjsd2ox-1337f5753ff635c9a9d39597cf1e499e avia-video-16-9 av-no-preview-image avia-video-load-always av-lazyload-immediate av-lazyload-video-embed'  itemprop=\"video\" itemtype=\"https:\/\/schema.org\/VideoObject\"  data-original_url='https:\/\/www.youtube.com\/watch?v=qqT_Z8X9BCQ'><script type='text\/html' class='av-video-tmpl'><div class='avia-iframe-wrap'><iframe loading=\"lazy\" title=\"Claudia Zinserling Piano acoustic &amp; electric lounge\" width=\"1500\" height=\"844\" src=\"https:\/\/www.youtube.com\/embed\/qqT_Z8X9BCQ?feature=oembed&autoplay=0&loop=0&controls=1&mute=0\" frameborder=\"0\" allow=\"accelerometer; autoplay; clipboard-write; encrypted-media; gyroscope; picture-in-picture; web-share\" allowfullscreen><\/iframe><\/div><\/script><div class='av-click-to-play-overlay'><div class=\"avia_playpause_icon\"><\/div><\/div><\/div><\/div>\n<div  class='flex_column av-23sxkz-50ac451b1d075e069191f6d05492f3ed av_one_half  avia-builder-el-10  el_after_av_one_half  el_before_av_hr  flex_column_div  '     ><style type=\"text\/css\" data-created_by=\"avia_inline_auto\" id=\"style-css-av-3wym0z-22355da7840de6bd08e09f6e70305862\">\n#top .avia-icon-list-container.av-3wym0z-22355da7840de6bd08e09f6e70305862 .iconlist_icon{\nbackground-color:#ffc000;\n}\n<\/style>\n<div  class='avia-icon-list-container av-3wym0z-22355da7840de6bd08e09f6e70305862  avia-builder-el-11  avia-builder-el-no-sibling '><ul class='avia-icon-list avia_animate_when_almost_visible avia-icon-list-left av-iconlist-big av-3wym0z-22355da7840de6bd08e09f6e70305862 avia-iconlist-animate'>\n<li><a href='https:\/\/www.youtube.com\/@claudiazinserling153' title='Mehr von mir auf YouTube' target=\"_blank\" rel=\"noopener noreferrer\" class='iconlist_icon av-26vj2b-2f5ee584c0f6cea13869ff199b736aea avia-font-entypo-fontello'><span class='iconlist-char' aria-hidden='true' data-av_icon='\ue921' data-av_iconfont='entypo-fontello'><\/span><\/a><article class=\"article-icon-entry av-iconlist-empty\"  itemscope=\"itemscope\" itemtype=\"https:\/\/schema.org\/CreativeWork\" ><div class=\"iconlist_content_wrap\"><header class=\"entry-content-header\"><h4 class='av_iconlist_title iconlist_title  '  itemprop=\"headline\" ><a href='https:\/\/www.youtube.com\/@claudiazinserling153' title='Mehr von mir auf YouTube' target=\"_blank\" rel=\"noopener noreferrer\">Mehr von mir auf YouTube<\/a><\/h4><\/header><div class='iconlist_content '  itemprop=\"text\" ><\/div><\/div><footer class=\"entry-footer\"><\/footer><\/article><div class=\"iconlist-timeline\"><\/div><\/li>\n<\/ul><\/div><\/div>\n\n<style type=\"text\/css\" data-created_by=\"avia_inline_auto\" id=\"style-css-av-2brpnn-63616a910d7185b9b17954cc3207d663\">\n#top .hr.hr-invisible.av-2brpnn-63616a910d7185b9b17954cc3207d663{\nheight:20px;\n}\n<\/style>\n<div  class='hr av-2brpnn-63616a910d7185b9b17954cc3207d663 hr-invisible  avia-builder-el-12  el_after_av_one_half  el_before_av_button '><span class='hr-inner '><span class=\"hr-inner-style\"><\/span><\/span><\/div>\n<div  class='avia-button-wrap av-lf9nv5r4-cc2931315088821b3f5feecd6b6032ae-wrap avia-button-center  avia-builder-el-13  el_after_av_hr  avia-builder-el-last '><a href='https:\/\/modernmusiczone-badnauheim.de\/index.php\/'  class='avia-button av-lf9nv5r4-cc2931315088821b3f5feecd6b6032ae av-link-btn avia-icon_select-yes-left-icon avia-size-small avia-position-center avia-color-theme-color'  ><span class='avia_button_icon avia_button_icon_left' aria-hidden='true' data-av_icon='\ue888' data-av_iconfont='entypo-fontello'><\/span><span class='avia_iconbox_title' >Zur\u00fcck zur \u00dcbersichtsseite<\/span><\/a><\/div>\n","protected":false},"excerpt":{"rendered":"","protected":false},"author":1,"featured_media":0,"parent":0,"menu_order":0,"comment_status":"closed","ping_status":"closed","template":"","meta":{"footnotes":""},"_links":{"self":[{"href":"https:\/\/modernmusiczone-badnauheim.de\/index.php\/wp-json\/wp\/v2\/pages\/1091"}],"collection":[{"href":"https:\/\/modernmusiczone-badnauheim.de\/index.php\/wp-json\/wp\/v2\/pages"}],"about":[{"href":"https:\/\/modernmusiczone-badnauheim.de\/index.php\/wp-json\/wp\/v2\/types\/page"}],"author":[{"embeddable":true,"href":"https:\/\/modernmusiczone-badnauheim.de\/index.php\/wp-json\/wp\/v2\/users\/1"}],"replies":[{"embeddable":true,"href":"https:\/\/modernmusiczone-badnauheim.de\/index.php\/wp-json\/wp\/v2\/comments?post=1091"}],"version-history":[{"count":7,"href":"https:\/\/modernmusiczone-badnauheim.de\/index.php\/wp-json\/wp\/v2\/pages\/1091\/revisions"}],"predecessor-version":[{"id":1099,"href":"https:\/\/modernmusiczone-badnauheim.de\/index.php\/wp-json\/wp\/v2\/pages\/1091\/revisions\/1099"}],"wp:attachment":[{"href":"https:\/\/modernmusiczone-badnauheim.de\/index.php\/wp-json\/wp\/v2\/media?parent=1091"}],"curies":[{"name":"wp","href":"https:\/\/api.w.org\/{rel}","templated":true}]}}